{"id":148,"date":"2023-05-11T09:53:53","date_gmt":"2023-05-11T07:53:53","guid":{"rendered":"http:\/\/www.diarc.srt-urbs.unina.it\/?page_id=148"},"modified":"2025-04-09T15:59:20","modified_gmt":"2025-04-09T13:59:20","slug":"tirocinio","status":"publish","type":"page","link":"https:\/\/www.diarc.srt-urbs.unina.it\/index.php\/tirocinio\/","title":{"rendered":"Tirocinio"},"content":{"rendered":"\n<figure class=\"wp-block-image aligncenter size-large is-resized\"><img fetchpriority=\"high\" decoding=\"async\" width=\"472\" height=\"1024\" src=\"https:\/\/www.diarc.srt-urbs.unina.it\/wp-content\/uploads\/2025\/04\/Locandina_Aggiornata_31.03.2025_2-472x1024.jpg\" alt=\"\" class=\"wp-image-1116\" style=\"width:472px;height:auto\" srcset=\"https:\/\/www.diarc.srt-urbs.unina.it\/wp-content\/uploads\/2025\/04\/Locandina_Aggiornata_31.03.2025_2-472x1024.jpg 472w, https:\/\/www.diarc.srt-urbs.unina.it\/wp-content\/uploads\/2025\/04\/Locandina_Aggiornata_31.03.2025_2-138x300.jpg 138w, https:\/\/www.diarc.srt-urbs.unina.it\/wp-content\/uploads\/2025\/04\/Locandina_Aggiornata_31.03.2025_2-768x1665.jpg 768w, https:\/\/www.diarc.srt-urbs.unina.it\/wp-content\/uploads\/2025\/04\/Locandina_Aggiornata_31.03.2025_2-708x1536.jpg 708w, https:\/\/www.diarc.srt-urbs.unina.it\/wp-content\/uploads\/2025\/04\/Locandina_Aggiornata_31.03.2025_2.jpg 789w\" sizes=\"(max-width: 472px) 100vw, 472px\" \/><\/figure>\n\n\n\n<ul class=\"wp-block-list\">\n<li>Il Corso di Studi SRT prevede la realizzazione, al terzo anno, di un tirocinio formativo della durata di 150 ore a cui vengono riconosciuti 6 Crediti Formativi Universitari. Il Tirocinio, che pu\u00f2 essere svolto intramoenia o extramoenia, prevede che lo studente sia seguito da un tutor interno all\u2019universit\u00e0 e, nel caso di tirocini extramoenia, anche da un referente esterno ad essa.Il&nbsp;<strong>tirocinio intramoenia<\/strong>&nbsp;si attiva&nbsp;nelle convenzioni dipartimentali su specifici progetti di ricerca&nbsp;aventi a oggetto la citt\u00e0 o sue parti.<br><br><strong>Il tirocinio extramoenia<\/strong>&nbsp;si svolge presso enti pubblici, ONG e enti del terzo settore con i quali l&#8217;Ateneo ha stabilito specifiche convenzioni, il cui oggetto va aggiornato di volta in volta su proposta dell\u2019ente e con l\u2019accordo del tutor interno. Ecco il link all\u2019elenco delle convenzioni attive:&nbsp;<a href=\"http:\/\/allegati.unina.it\/studenti\/tirocini\/doc\/ConvenzioniAttive.pdf\" target=\"_blank\" rel=\"noreferrer noopener\" class=\"\"><\/a><a href=\"http:\/\/allegati.unina.it\/studenti\/tirocini\/doc\/ConvenzioniAttive.pdf\">http:\/\/allegati.unina.it\/studenti\/tirocini\/doc\/ConvenzioniAttive.pdf<\/a><\/li>\n\n\n\n<li>In via indicativa vengono identificate le seguenti aree di tirocinio intramoenia ed extramoenia:- tecnologie dell&#8217;informazione e strumenti digitali: l&#8217;obiettivo del tirocinio \u00e8 mettere alla prova le conoscenze sull\u2019utilizzo degli applicativi tecnologici per il territorio, dalla realizzazione di sistemi informativi territoriali all\u2019analisi dei sistemi aggregati di dati.- tecnica urbanistica e pianificazione territoriale:&nbsp;l&#8217;obiettivo del tirocinio \u00e8 collaborare a sopralluoghi, analisi e raccolte di dati funzionali a collazionare materiali utili alla redazione o al perfezionamento di strumenti urbanistici comunali o territoriali.- pianificazione e progettazione ambientale\/urbanistica:&nbsp;l&#8217;obiettivo \u00e8 elaborare dati quantitativi e\/o qualitativi finalizzati a misurare specifici impatti del cambiamento climatico, dalla scala dell\u2019area vasta alla dimensione del quartiere; oppure costruire analisi mirate all\u2019elaborazione di piani, progetti, politiche e strategie funzionali all\u2019adattamento climatico, alla mitigazione dei gas climalteranti, all\u2019applicazione di energie rinnovabili.- politiche e azioni con ricadute nella sfera socio-ecologica:&nbsp;l&#8217;obiettivo \u00e8 sondare le risposte degli attori del territorio attraverso l\u2019applicazione di esplorazioni finalizzate a misurare le disuguaglianze sociali, economiche e territoriali rilevando i bisogni e individuando azioni e strategie di riequilibrio e redistribuzione.- Rigenerazione Urbana e Partecipazione:&nbsp;l&#8217;obiettivo \u00e8 sperimentare l\u2019utilizzo di strumenti di osservazione, ascolto e co-design da applicare a processi di riuso e rifunzionalizzazione del patrimonio esistente, attraverso l\u2019attivazione di risorse pubbliche o private e il coinvolgimento di specifici portatori d\u2019interesse entro processi decisionali e gestionali di tipo collaborativo.I moduli da presentare per la domanda di tirocinio sono scaricabili&nbsp;<a href=\"http:\/\/www.unina.it\/didattica\/tirocini-studenti\">qui<\/a>Gli studenti interessati all&#8217;offerta formativa per il tirocinio pre-laurea hanno la possibilit\u00e0 di concordare con i tutor degli Enti di riferimento un programma formativo attinente al tema della tesi di laurea, se gi\u00e0 individuato in accordo con il docente relatore.La docente responsabile dei tirocini \u00e8 la professoressa Gilda Berruti (gberruti@unina.it)<br>Tra i partner formativi di SRT trovi ad esempio:\n<ul class=\"wp-block-list\">\n<li><a href=\"http:\/\/sit.regione.campania.it\/\">Regione Campania, Servizio Informativo Territoriale<\/a><\/li>\n\n\n\n<li><a href=\"http:\/\/www.comune.napoli.it\/flex\/cm\/pages\/ServeBLOB.php\/L\/IT\/IDPagina\/202\">Comune di Napoli &#8211; Direzione Centrale Pianificazione e Gestione del Territorio<\/a>&nbsp;&nbsp;<a href=\"http:\/\/www.comune.napoli.it\/flex\/cm\/pages\/ServeBLOB.php\/L\/IT\/IDPagina\/202\">\/ Servizi di: Pianificazione<br>Urbanistica Generale, Analisi economiche e sociali a supporto delle attivit\u00e0 di pianificazione<\/a><\/li>\n\n\n\n<li><a href=\"https:\/\/www.cittametropolitana.na.it\/Micro_Siti\/Assetto_territorio\/Navigazione_Sinistra\/PTCP\/Contatti\/\">Citt\u00e0 Metropolitana di Napoli<\/a>&nbsp;&#8211;&nbsp;<a href=\"https:\/\/www.emergency.it\/cosa-facciamo\/italia\/\">Area Pianificazione Territoriale Provinciale di Coordinamento<\/a><\/li>\n\n\n\n<li><a href=\"https:\/\/www.distrettoappenninomeridionale.it\/\">Autorit\u00e0 di Bacino Distrettuale Appennino Meridionale<\/a><\/li>\n\n\n\n<li><a href=\"http:\/\/www.cilentoediano.it\/\">Parco nazionale del Cilento, Vallo di Diano e Alburni<\/a><\/li>\n\n\n\n<li><a href=\"https:\/\/fcrc.it\/\">Fondazione Film Commission, Regione Campania<\/a><\/li>\n\n\n\n<li><a href=\"https:\/\/www.maestridistrada.it\/\">Associazione Maestri di Strada onlus<\/a>&nbsp;&nbsp;<\/li>\n\n\n\n<li><a href=\"https:\/\/www.gescosociale.it\/site\/\">GESCO servizi cooperativa sociale<\/a><\/li>\n\n\n\n<li><a href=\"https:\/\/dongiuseppediana.org\/\">Comitato don Peppe Diana<\/a><\/li>\n\n\n\n<li><a href=\"http:\/\/127.0.0.1\/srt\/%22Seme%20di%20Pace%E2%80%9D%20https:\/www.facebook.com\/semedipace\/\">Cooperativa Sociale &#8220;Seme di Pace\u201d<\/a><\/li>\n\n\n\n<li><a href=\"http:\/\/www.coopaldiladeisogni.it\/index.php?option=com_content&amp;view=article&amp;id=1&amp;Itemid=116\">Cooperativa sociale al di l\u00e0 dei sogni<\/a><\/li>\n\n\n\n<li><a href=\"http:\/\/www.asteenodi.com\/\">Aste e nodi agenzia informale di sviluppo locale<\/a><\/li>\n\n\n\n<li><a href=\"http:\/\/www.aslnapoli1centro.it\/dipartimento-dipendenze\">Dipartimento Dipendenze ASL Napoli 1 \/ Orto Sociale Ponticelli<\/a><\/li>\n\n\n\n<li><a href=\"https:\/\/www.masseriaferraioli.it\/\">Associazione Sott n&#8217; coppe \/ Masseria Antonio Esposito Ferraioli Afragola (NA)<\/a><\/li>\n\n\n\n<li><a href=\"https:\/\/www.associazionequartierispagnoli.it\/\">Associazione Quartieri Spagnoli<\/a><\/li>\n\n\n\n<li><a href=\"http:\/\/www.parcodeadiana.it\/\">Parco Urbano Intercomunale di Interesse Regionale &#8220;Dea Diana&#8221;<\/a><\/li>\n<\/ul>\n<\/li>\n<\/ul>\n\n\n\n<p>I partner formativi vengono consultati periodicamente dal Dipartimento. <\/p>\n\n\n\n<p>Al&nbsp;<img decoding=\"async\" src=\"http:\/\/127.0.0.1\/srt\/VERBALE_RIUNIONE_STAKEHOLDER-25_5_2022.pdf\" alt=\"\"><a href=\"http:\/\/www.diarc.srt-urbs.unina.it\/wp-content\/uploads\/2023\/05\/VERBALE_RIUNIONE_STAKEHOLDER-25_5_2022.pdf\" data-type=\"URL\" data-id=\"http:\/\/www.diarc.srt-urbs.unina.it\/wp-content\/uploads\/2023\/05\/VERBALE_RIUNIONE_STAKEHOLDER-25_5_2022.pdf\">link&nbsp;<\/a>c\u2019\u00e8 l esito dell\u2019incontro con gli stakeholder del maggio 2022.<\/p>\n\n\n\n<p>Per svolgere il tirocinio formativo di 150 ore al terzo anno di corso lo studente di SRT deve compiere una serie di passi. Vediamo quali:<\/p>\n\n\n\n<ol class=\"wp-block-list\">\n<li>decidere a quale tipologia di offerta formativa intende fare riferimento con la sua scelta, optando o per un tirocinio&nbsp;<em>intramoenia<\/em>, da tenersi con docenti impegnati all\u2019interno di specifiche ricerche dipartimentali in ambito di Ateneo, oppure per un tirocinio&nbsp;<em>extramoenia<\/em>, da svolgere presso aziende, enti e soggetti esterni che si occupino di governo del territorio e tematiche connesse alla sostenibilit\u00e0 sociale ed ecologico-ambientale. Mentre il tirocinio&nbsp;<em>intramoenia<\/em>&nbsp;si svolge entro strutture dell\u2019Universit\u00e0 Federico II e, di conseguenza, risponde a procedure pi\u00f9 agili, il tirocinio&nbsp;<em>extramoenia&nbsp;<\/em>si svolge presso un soggetto ospitante diverso dall\u2019Universit\u00e0 e, proprio per questo, richiede la stipula di una apposita convenzione fra il soggetto ospitante e l\u2019Ateneo.<\/li>\n\n\n\n<li>Una volta deciso per quale tipo di tirocinio optare, lo studente pu\u00f2 confrontarsi con il responsabile dei tirocini SRT, che potr\u00e0 aiutarlo a rifinire la decisione in maniera oculata, tenendo conto del percorso di studi nella sua specificit\u00e0 e di eventuali possibili sbocchi da dare alla tesi di laurea.<\/li>\n<\/ol>\n\n\n\n<p>Lo studente pu\u00f2 svolgere un tirocinio formativo di supporto alla preparazione della propria tesi di laurea, oppure optare per un tirocinio con oggetto indipendente dalla tesi. Nel primo caso, un confronto mirato pu\u00f2 essere fatto con il docente con cui intende laurearsi che, coerentemente con il progetto di tesi, potr\u00e0 suggerire uno specifico percorso, mettendo a disposizione i contatti (all\u2019interno o all\u2019esterno dell\u2019universit\u00e0) che gli sembrano pi\u00f9 appropriati. Nel secondo caso, la scelta avverr\u00e0 in base ad altri criteri, ispirandosi agli interessi, alle curiosit\u00e0 o a eventuali approfondimenti che lo studente intende soddisfare attraverso il periodo di&nbsp;<em>stage<\/em>.<\/p>\n\n\n\n<ol start=\"3\" class=\"wp-block-list\">\n<li>In ogni caso, lo studente potr\u00e0 selezionare un partner formativo compreso, eventualmente (ma non necessariamente), fra quelli consigliati dal Corso di Studi (cfr. open list sul sito). Per cercare il soggetto ospitante pi\u00f9 adeguato al proprio percorso formativo lo studente pu\u00f2 confrontarsi con il docente responsabile dei tirocini, o con altro docente di SRT che si offra come tutor interno.<\/li>\n\n\n\n<li>Una volta preso contatto, lo studente incontrer\u00e0 il referente aziendale (tirocinio&nbsp;<em>extramoenia<\/em>), o il docente di riferimento (tirocinio&nbsp;<em>intramoenia<\/em>) al fine di concordare le possibili attivit\u00e0 formative e il periodo durante il quale svolgerle.<\/li>\n\n\n\n<li>A questo punto, rivolgendosi nuovamente al responsabile dei tirocini per mettere a punto il progetto formativo, lo studente compiler\u00e0 la domanda di&nbsp;<em>stage<\/em>&nbsp;che, se di tipologia&nbsp;<em>extramoenia<\/em>, deve essere eseguita attraverso il link&nbsp;<a href=\"http:\/\/collabora.unina.it\/\"><\/a><a href=\"http:\/\/collabora.unina.it\/\">http:\/\/collabora.unina.it<\/a>&nbsp;utilizzando le credenziali della propria e-mail unina.<\/li>\n\n\n\n<li>Allorquando il responsabile dei tirocini, o eventuale altro docente tutor di SRT, approver\u00e0 la domanda, l\u2019allievo potr\u00e0 iniziare le previste attivit\u00e0 di tirocinio nei tempi concordati, previa stampa del libretto del tirocinante. Il libretto va compilato a cura dello studente e controfirmato dal tutor esterno di volta in volta, entrando nel merito dei compiti svolti.<\/li>\n\n\n\n<li>Il percorso si conclude con la firma del libretto. Il docente responsabile dei tirocini incontrer\u00e0 un ultima volta lo studente, visioner\u00e0 la corretta e completa compilazione del libretto, controller\u00e0 che il\/la tirocinante abbia risposto al proprio questionario anonimo su&nbsp;<a href=\"http:\/\/bit.ly\/2yw9mhV\">ly\/2yw9mhV<\/a>&nbsp;e che anche il tutor aziendale abbia compilato il questionario di propria pertinenza disponibile al link:&nbsp;<a href=\"http:\/\/bit.ly\/2VM6Vjp\">ly\/2VM6Vjp<\/a>.<\/li>\n<\/ol>\n\n\n\n<p>Solo a questo punto il responsabile dei tirocini valider\u00e0 i sei crediti formativi di&nbsp;<em>stage<\/em>&nbsp;mediante firma del verbale digitale.<\/p>\n\n\n\n<p>Si ricorda che, ai fini del corretto completamento della procedura, lo studente \u00e8 tenuto a compilare il proprio questionario e ad accertarsi che lo abbia fatto anche il proprio tutor aziendale.<\/p>\n\n\n\n<p>In caso di dubbi, o richieste di chiarimento, \u00e8 possibile contattare via mail la professoressa Berruti, docente attualmente responsabile dei tirocini formativi per il CdS SRT, per concordare un incontro.<\/p>\n","protected":false},"excerpt":{"rendered":"<p>I partner formativi vengono consultati periodicamente dal Dipartimento. Al&nbsp;link&nbsp;c\u2019\u00e8 l esito dell\u2019incontro con gli stakeholder del maggio 2022. Per svolgere il tirocinio formativo di 150 ore al terzo anno di corso lo studente di SRT deve compiere una serie di passi. Vediamo quali: Lo studente pu\u00f2 svolgere un tirocinio formativo di supporto alla preparazione della [&hellip;]<\/p>\n","protected":false},"author":1,"featured_media":0,"parent":0,"menu_order":7,"comment_status":"closed","ping_status":"closed","template":"","meta":{"footnotes":""},"class_list":["post-148","page","type-page","status-publish","hentry"],"yoast_head":"<!-- This site is optimized with the Yoast SEO plugin v26.2 - https:\/\/yoast.com\/wordpress\/plugins\/seo\/ -->\n<title>Tirocinio - UrbS - Urbanistica Sostenibile \/ SRT - Sviluppo sostenibile e Reti Territoriali<\/title>\n<meta name=\"robots\" content=\"index, follow, max-snippet:-1, max-image-preview:large, max-video-preview:-1\" \/>\n<link rel=\"canonical\" href=\"https:\/\/www.diarc.srt-urbs.unina.it\/index.php\/tirocinio\/\" \/>\n<meta property=\"og:locale\" content=\"it_IT\" \/>\n<meta property=\"og:type\" content=\"article\" \/>\n<meta property=\"og:title\" content=\"Tirocinio - UrbS - Urbanistica Sostenibile \/ SRT - Sviluppo sostenibile e Reti Territoriali\" \/>\n<meta property=\"og:description\" content=\"I partner formativi vengono consultati periodicamente dal Dipartimento. Al&nbsp;link&nbsp;c\u2019\u00e8 l esito dell\u2019incontro con gli stakeholder del maggio 2022. Per svolgere il tirocinio formativo di 150 ore al terzo anno di corso lo studente di SRT deve compiere una serie di passi. Vediamo quali: Lo studente pu\u00f2 svolgere un tirocinio formativo di supporto alla preparazione della [&hellip;]\" \/>\n<meta property=\"og:url\" content=\"https:\/\/www.diarc.srt-urbs.unina.it\/index.php\/tirocinio\/\" \/>\n<meta property=\"og:site_name\" content=\"UrbS - Urbanistica Sostenibile \/ SRT - Sviluppo sostenibile e Reti Territoriali\" \/>\n<meta property=\"article:modified_time\" content=\"2025-04-09T13:59:20+00:00\" \/>\n<meta property=\"og:image\" content=\"https:\/\/www.diarc.srt-urbs.unina.it\/wp-content\/uploads\/2025\/04\/Locandina_Aggiornata_31.03.2025_2.jpg\" \/>\n\t<meta property=\"og:image:width\" content=\"789\" \/>\n\t<meta property=\"og:image:height\" content=\"1711\" \/>\n\t<meta property=\"og:image:type\" content=\"image\/jpeg\" \/>\n<meta name=\"twitter:card\" content=\"summary_large_image\" \/>\n<meta name=\"twitter:label1\" content=\"Tempo di lettura stimato\" \/>\n\t<meta name=\"twitter:data1\" content=\"6 minuti\" \/>\n<script type=\"application\/ld+json\" class=\"yoast-schema-graph\">{\"@context\":\"https:\/\/schema.org\",\"@graph\":[{\"@type\":\"WebPage\",\"@id\":\"https:\/\/www.diarc.srt-urbs.unina.it\/index.php\/tirocinio\/\",\"url\":\"https:\/\/www.diarc.srt-urbs.unina.it\/index.php\/tirocinio\/\",\"name\":\"Tirocinio - UrbS - Urbanistica Sostenibile \/ SRT - Sviluppo sostenibile e Reti Territoriali\",\"isPartOf\":{\"@id\":\"https:\/\/www.diarc.srt-urbs.unina.it\/#website\"},\"primaryImageOfPage\":{\"@id\":\"https:\/\/www.diarc.srt-urbs.unina.it\/index.php\/tirocinio\/#primaryimage\"},\"image\":{\"@id\":\"https:\/\/www.diarc.srt-urbs.unina.it\/index.php\/tirocinio\/#primaryimage\"},\"thumbnailUrl\":\"https:\/\/www.diarc.srt-urbs.unina.it\/wp-content\/uploads\/2025\/04\/Locandina_Aggiornata_31.03.2025_2-472x1024.jpg\",\"datePublished\":\"2023-05-11T07:53:53+00:00\",\"dateModified\":\"2025-04-09T13:59:20+00:00\",\"breadcrumb\":{\"@id\":\"https:\/\/www.diarc.srt-urbs.unina.it\/index.php\/tirocinio\/#breadcrumb\"},\"inLanguage\":\"it-IT\",\"potentialAction\":[{\"@type\":\"ReadAction\",\"target\":[\"https:\/\/www.diarc.srt-urbs.unina.it\/index.php\/tirocinio\/\"]}]},{\"@type\":\"ImageObject\",\"inLanguage\":\"it-IT\",\"@id\":\"https:\/\/www.diarc.srt-urbs.unina.it\/index.php\/tirocinio\/#primaryimage\",\"url\":\"https:\/\/www.diarc.srt-urbs.unina.it\/wp-content\/uploads\/2025\/04\/Locandina_Aggiornata_31.03.2025_2.jpg\",\"contentUrl\":\"https:\/\/www.diarc.srt-urbs.unina.it\/wp-content\/uploads\/2025\/04\/Locandina_Aggiornata_31.03.2025_2.jpg\",\"width\":789,\"height\":1711},{\"@type\":\"BreadcrumbList\",\"@id\":\"https:\/\/www.diarc.srt-urbs.unina.it\/index.php\/tirocinio\/#breadcrumb\",\"itemListElement\":[{\"@type\":\"ListItem\",\"position\":1,\"name\":\"Home\",\"item\":\"https:\/\/www.diarc.srt-urbs.unina.it\/\"},{\"@type\":\"ListItem\",\"position\":2,\"name\":\"Tirocinio\"}]},{\"@type\":\"WebSite\",\"@id\":\"https:\/\/www.diarc.srt-urbs.unina.it\/#website\",\"url\":\"https:\/\/www.diarc.srt-urbs.unina.it\/\",\"name\":\"UrbS - Urbanistica Sostenibile \/ SRT - Sviluppo sostenibile e Reti Territoriali\",\"description\":\"wanna be part of the solution?\",\"publisher\":{\"@id\":\"https:\/\/www.diarc.srt-urbs.unina.it\/#organization\"},\"potentialAction\":[{\"@type\":\"SearchAction\",\"target\":{\"@type\":\"EntryPoint\",\"urlTemplate\":\"https:\/\/www.diarc.srt-urbs.unina.it\/?s={search_term_string}\"},\"query-input\":{\"@type\":\"PropertyValueSpecification\",\"valueRequired\":true,\"valueName\":\"search_term_string\"}}],\"inLanguage\":\"it-IT\"},{\"@type\":\"Organization\",\"@id\":\"https:\/\/www.diarc.srt-urbs.unina.it\/#organization\",\"name\":\"UrbS - Urbanistica Sostenibile \/ SRT - Sviluppo sostenibile e Reti Territoriali\",\"url\":\"https:\/\/www.diarc.srt-urbs.unina.it\/\",\"logo\":{\"@type\":\"ImageObject\",\"inLanguage\":\"it-IT\",\"@id\":\"https:\/\/www.diarc.srt-urbs.unina.it\/#\/schema\/logo\/image\/\",\"url\":\"https:\/\/www.diarc.srt-urbs.unina.it\/wp-content\/uploads\/2023\/05\/2020_05_01_logo_srt.png\",\"contentUrl\":\"https:\/\/www.diarc.srt-urbs.unina.it\/wp-content\/uploads\/2023\/05\/2020_05_01_logo_srt.png\",\"width\":5216,\"height\":546,\"caption\":\"UrbS - Urbanistica Sostenibile \/ SRT - Sviluppo sostenibile e Reti Territoriali\"},\"image\":{\"@id\":\"https:\/\/www.diarc.srt-urbs.unina.it\/#\/schema\/logo\/image\/\"}}]}<\/script>\n<!-- \/ Yoast SEO plugin. -->","yoast_head_json":{"title":"Tirocinio - UrbS - Urbanistica Sostenibile \/ SRT - Sviluppo sostenibile e Reti Territoriali","robots":{"index":"index","follow":"follow","max-snippet":"max-snippet:-1","max-image-preview":"max-image-preview:large","max-video-preview":"max-video-preview:-1"},"canonical":"https:\/\/www.diarc.srt-urbs.unina.it\/index.php\/tirocinio\/","og_locale":"it_IT","og_type":"article","og_title":"Tirocinio - UrbS - Urbanistica Sostenibile \/ SRT - Sviluppo sostenibile e Reti Territoriali","og_description":"I partner formativi vengono consultati periodicamente dal Dipartimento. Al&nbsp;link&nbsp;c\u2019\u00e8 l esito dell\u2019incontro con gli stakeholder del maggio 2022. Per svolgere il tirocinio formativo di 150 ore al terzo anno di corso lo studente di SRT deve compiere una serie di passi. Vediamo quali: Lo studente pu\u00f2 svolgere un tirocinio formativo di supporto alla preparazione della [&hellip;]","og_url":"https:\/\/www.diarc.srt-urbs.unina.it\/index.php\/tirocinio\/","og_site_name":"UrbS - Urbanistica Sostenibile \/ SRT - Sviluppo sostenibile e Reti Territoriali","article_modified_time":"2025-04-09T13:59:20+00:00","og_image":[{"width":789,"height":1711,"url":"https:\/\/www.diarc.srt-urbs.unina.it\/wp-content\/uploads\/2025\/04\/Locandina_Aggiornata_31.03.2025_2.jpg","type":"image\/jpeg"}],"twitter_card":"summary_large_image","twitter_misc":{"Tempo di lettura stimato":"6 minuti"},"schema":{"@context":"https:\/\/schema.org","@graph":[{"@type":"WebPage","@id":"https:\/\/www.diarc.srt-urbs.unina.it\/index.php\/tirocinio\/","url":"https:\/\/www.diarc.srt-urbs.unina.it\/index.php\/tirocinio\/","name":"Tirocinio - UrbS - Urbanistica Sostenibile \/ SRT - Sviluppo sostenibile e Reti Territoriali","isPartOf":{"@id":"https:\/\/www.diarc.srt-urbs.unina.it\/#website"},"primaryImageOfPage":{"@id":"https:\/\/www.diarc.srt-urbs.unina.it\/index.php\/tirocinio\/#primaryimage"},"image":{"@id":"https:\/\/www.diarc.srt-urbs.unina.it\/index.php\/tirocinio\/#primaryimage"},"thumbnailUrl":"https:\/\/www.diarc.srt-urbs.unina.it\/wp-content\/uploads\/2025\/04\/Locandina_Aggiornata_31.03.2025_2-472x1024.jpg","datePublished":"2023-05-11T07:53:53+00:00","dateModified":"2025-04-09T13:59:20+00:00","breadcrumb":{"@id":"https:\/\/www.diarc.srt-urbs.unina.it\/index.php\/tirocinio\/#breadcrumb"},"inLanguage":"it-IT","potentialAction":[{"@type":"ReadAction","target":["https:\/\/www.diarc.srt-urbs.unina.it\/index.php\/tirocinio\/"]}]},{"@type":"ImageObject","inLanguage":"it-IT","@id":"https:\/\/www.diarc.srt-urbs.unina.it\/index.php\/tirocinio\/#primaryimage","url":"https:\/\/www.diarc.srt-urbs.unina.it\/wp-content\/uploads\/2025\/04\/Locandina_Aggiornata_31.03.2025_2.jpg","contentUrl":"https:\/\/www.diarc.srt-urbs.unina.it\/wp-content\/uploads\/2025\/04\/Locandina_Aggiornata_31.03.2025_2.jpg","width":789,"height":1711},{"@type":"BreadcrumbList","@id":"https:\/\/www.diarc.srt-urbs.unina.it\/index.php\/tirocinio\/#breadcrumb","itemListElement":[{"@type":"ListItem","position":1,"name":"Home","item":"https:\/\/www.diarc.srt-urbs.unina.it\/"},{"@type":"ListItem","position":2,"name":"Tirocinio"}]},{"@type":"WebSite","@id":"https:\/\/www.diarc.srt-urbs.unina.it\/#website","url":"https:\/\/www.diarc.srt-urbs.unina.it\/","name":"UrbS - Urbanistica Sostenibile \/ SRT - Sviluppo sostenibile e Reti Territoriali","description":"wanna be part of the solution?","publisher":{"@id":"https:\/\/www.diarc.srt-urbs.unina.it\/#organization"},"potentialAction":[{"@type":"SearchAction","target":{"@type":"EntryPoint","urlTemplate":"https:\/\/www.diarc.srt-urbs.unina.it\/?s={search_term_string}"},"query-input":{"@type":"PropertyValueSpecification","valueRequired":true,"valueName":"search_term_string"}}],"inLanguage":"it-IT"},{"@type":"Organization","@id":"https:\/\/www.diarc.srt-urbs.unina.it\/#organization","name":"UrbS - Urbanistica Sostenibile \/ SRT - Sviluppo sostenibile e Reti Territoriali","url":"https:\/\/www.diarc.srt-urbs.unina.it\/","logo":{"@type":"ImageObject","inLanguage":"it-IT","@id":"https:\/\/www.diarc.srt-urbs.unina.it\/#\/schema\/logo\/image\/","url":"https:\/\/www.diarc.srt-urbs.unina.it\/wp-content\/uploads\/2023\/05\/2020_05_01_logo_srt.png","contentUrl":"https:\/\/www.diarc.srt-urbs.unina.it\/wp-content\/uploads\/2023\/05\/2020_05_01_logo_srt.png","width":5216,"height":546,"caption":"UrbS - Urbanistica Sostenibile \/ SRT - Sviluppo sostenibile e Reti Territoriali"},"image":{"@id":"https:\/\/www.diarc.srt-urbs.unina.it\/#\/schema\/logo\/image\/"}}]}},"_links":{"self":[{"href":"https:\/\/www.diarc.srt-urbs.unina.it\/index.php\/wp-json\/wp\/v2\/pages\/148","targetHints":{"allow":["GET"]}}],"collection":[{"href":"https:\/\/www.diarc.srt-urbs.unina.it\/index.php\/wp-json\/wp\/v2\/pages"}],"about":[{"href":"https:\/\/www.diarc.srt-urbs.unina.it\/index.php\/wp-json\/wp\/v2\/types\/page"}],"author":[{"embeddable":true,"href":"https:\/\/www.diarc.srt-urbs.unina.it\/index.php\/wp-json\/wp\/v2\/users\/1"}],"replies":[{"embeddable":true,"href":"https:\/\/www.diarc.srt-urbs.unina.it\/index.php\/wp-json\/wp\/v2\/comments?post=148"}],"version-history":[{"count":5,"href":"https:\/\/www.diarc.srt-urbs.unina.it\/index.php\/wp-json\/wp\/v2\/pages\/148\/revisions"}],"predecessor-version":[{"id":1117,"href":"https:\/\/www.diarc.srt-urbs.unina.it\/index.php\/wp-json\/wp\/v2\/pages\/148\/revisions\/1117"}],"wp:attachment":[{"href":"https:\/\/www.diarc.srt-urbs.unina.it\/index.php\/wp-json\/wp\/v2\/media?parent=148"}],"curies":[{"name":"wp","href":"https:\/\/api.w.org\/{rel}","templated":true}]}}