{"id":137,"date":"2023-05-11T09:33:04","date_gmt":"2023-05-11T07:33:04","guid":{"rendered":"http:\/\/www.diarc.srt-urbs.unina.it\/?page_id=137"},"modified":"2023-05-23T10:09:23","modified_gmt":"2023-05-23T08:09:23","slug":"learning-walk","status":"publish","type":"page","link":"https:\/\/www.diarc.srt-urbs.unina.it\/index.php\/attivita-integrative\/learning-walk\/","title":{"rendered":"Learning Walk"},"content":{"rendered":"\n<p>La \u201clearning walk\u201d \u00e8 uno strumento di orientamento vocazionale agile che si rivolge principalmente a studenti dell\u2019ultimo anno o del penultimo della scuola secondaria di secondo grado. Lo scopo della passeggiata \u00e8 visitare specifici siti, localit\u00e0, progetti innovativi, incontrando attori del territorio ed esplorando questioni aperte su temi come la rigenerazione, il cambiamento climatico, la partecipazione dei cittadini, l\u2019integrazione di minoranze, i diritti fondamentali, la lotta alla fame e\/o alla povert\u00e0 o, il ruolo delle comunit\u00e0 energetiche, gli effetti della cultura e degli eventi sulle trasformazioni urbane o, pi\u00f9 in generale, qualsiasi contenuto veicolato dall\u2019Agenda 2030 per lo Sviluppo Sostenibile.<\/p>\n\n\n\n<p>Viene favorita, quando possibile, la partecipazione alle passeggiate anche di studenti del corso SRT.<\/p>\n\n\n\n<p>La learning walk permette di:<\/p>\n\n\n\n<ul class=\"wp-block-list\">\n<li>sperimentare le tecniche di osservazione e ascolto;<\/li>\n\n\n\n<li>trasformare la conoscenza acquisita sul campo in un insieme di dati qualitativi;<\/li>\n\n\n\n<li>sperimentare tecniche di rilevamento digitale;<\/li>\n\n\n\n<li>esercitare forme innovative di descrizione e di interpretazione dello spazio urbano.<\/li>\n<\/ul>\n\n\n\n<p>La passeggiata ha una durata variabile da 4 a 8 ore con restituzione sincrona o asincrona dei risultati dell\u2019apprendimento. Generalmente vi partecipano una o al max due classi.<\/p>\n\n\n\n<figure class=\"wp-block-video\"><video height=\"360\" style=\"aspect-ratio: 640 \/ 360;\" width=\"640\" controls src=\"http:\/\/www.diarc.srt-urbs.unina.it\/wp-content\/uploads\/2023\/05\/learning-walk-Bacoli.mov\"><\/video><\/figure>\n\n\n\n<figure class=\"wp-block-gallery has-nested-images columns-2 is-cropped wp-block-gallery-1 is-layout-flex wp-block-gallery-is-layout-flex\">\n<figure class=\"wp-block-image size-large\"><a href=\"http:\/\/www.diarc.srt-urbs.unina.it\/index.php\/2023\/05\/11\/learning-walk-turismo-sostenibile-e-inclusivo-un-itinerario-nel-quartiere-stella-di-napoli\/\"><img fetchpriority=\"high\" decoding=\"async\" width=\"724\" height=\"1024\" data-id=\"142\" src=\"http:\/\/www.diarc.srt-urbs.unina.it\/wp-content\/uploads\/2023\/05\/learning-walk_Stella-724x1024.jpg\" alt=\"\" class=\"wp-image-142\" srcset=\"https:\/\/www.diarc.srt-urbs.unina.it\/wp-content\/uploads\/2023\/05\/learning-walk_Stella-724x1024.jpg 724w, https:\/\/www.diarc.srt-urbs.unina.it\/wp-content\/uploads\/2023\/05\/learning-walk_Stella-212x300.jpg 212w, https:\/\/www.diarc.srt-urbs.unina.it\/wp-content\/uploads\/2023\/05\/learning-walk_Stella-768x1086.jpg 768w, https:\/\/www.diarc.srt-urbs.unina.it\/wp-content\/uploads\/2023\/05\/learning-walk_Stella-1086x1536.jpg 1086w, https:\/\/www.diarc.srt-urbs.unina.it\/wp-content\/uploads\/2023\/05\/learning-walk_Stella-1448x2048.jpg 1448w, https:\/\/www.diarc.srt-urbs.unina.it\/wp-content\/uploads\/2023\/05\/learning-walk_Stella-scaled.jpg 1810w\" sizes=\"(max-width: 724px) 100vw, 724px\" \/><\/a><\/figure>\n\n\n\n<figure class=\"wp-block-image size-large\"><a href=\"http:\/\/www.diarc.srt-urbs.unina.it\/index.php\/2023\/05\/22\/laboratorio-di-azione-per-il-climalearning-walk-parco-cerillo-piscina-mirabilis-bacolimercoledi-27-ottobre-2021-ore-10-17\/\"><img decoding=\"async\" width=\"1024\" height=\"1024\" data-id=\"140\" src=\"http:\/\/www.diarc.srt-urbs.unina.it\/wp-content\/uploads\/2023\/05\/bacoli2-1024x1024.gif\" alt=\"\" class=\"wp-image-140\" srcset=\"https:\/\/www.diarc.srt-urbs.unina.it\/wp-content\/uploads\/2023\/05\/bacoli2-1024x1024.gif 1024w, https:\/\/www.diarc.srt-urbs.unina.it\/wp-content\/uploads\/2023\/05\/bacoli2-300x300.gif 300w, https:\/\/www.diarc.srt-urbs.unina.it\/wp-content\/uploads\/2023\/05\/bacoli2-150x150.gif 150w, https:\/\/www.diarc.srt-urbs.unina.it\/wp-content\/uploads\/2023\/05\/bacoli2-768x768.gif 768w\" sizes=\"(max-width: 1024px) 100vw, 1024px\" \/><\/a><\/figure>\n\n\n\n<figure class=\"wp-block-image size-large\"><a href=\"http:\/\/www.diarc.srt-urbs.unina.it\/index.php\/2023\/05\/23\/learning-walk-riconquistare-la-terra\/\"><img decoding=\"async\" width=\"612\" height=\"612\" data-id=\"139\" src=\"http:\/\/www.diarc.srt-urbs.unina.it\/wp-content\/uploads\/2023\/05\/LAC_20212.jpeg\" alt=\"\" class=\"wp-image-139\" srcset=\"https:\/\/www.diarc.srt-urbs.unina.it\/wp-content\/uploads\/2023\/05\/LAC_20212.jpeg 612w, https:\/\/www.diarc.srt-urbs.unina.it\/wp-content\/uploads\/2023\/05\/LAC_20212-300x300.jpeg 300w, https:\/\/www.diarc.srt-urbs.unina.it\/wp-content\/uploads\/2023\/05\/LAC_20212-150x150.jpeg 150w\" sizes=\"(max-width: 612px) 100vw, 612px\" \/><\/a><\/figure>\n\n\n\n<figure class=\"wp-block-image size-large\"><img loading=\"lazy\" decoding=\"async\" width=\"1024\" height=\"1012\" data-id=\"141\" src=\"http:\/\/www.diarc.srt-urbs.unina.it\/wp-content\/uploads\/2023\/05\/WhatsApp_Image_2022-04-30_at_09.23.55-1024x1012.jpeg\" alt=\"\" class=\"wp-image-141\" srcset=\"https:\/\/www.diarc.srt-urbs.unina.it\/wp-content\/uploads\/2023\/05\/WhatsApp_Image_2022-04-30_at_09.23.55-1024x1012.jpeg 1024w, https:\/\/www.diarc.srt-urbs.unina.it\/wp-content\/uploads\/2023\/05\/WhatsApp_Image_2022-04-30_at_09.23.55-300x296.jpeg 300w, https:\/\/www.diarc.srt-urbs.unina.it\/wp-content\/uploads\/2023\/05\/WhatsApp_Image_2022-04-30_at_09.23.55-768x759.jpeg 768w, https:\/\/www.diarc.srt-urbs.unina.it\/wp-content\/uploads\/2023\/05\/WhatsApp_Image_2022-04-30_at_09.23.55.jpeg 1362w\" sizes=\"(max-width: 1024px) 100vw, 1024px\" \/><\/figure>\n\n\n\n<figure class=\"wp-block-image aligncenter size-large\"><a href=\"http:\/\/www.diarc.srt-urbs.unina.it\/index.php\/2023\/05\/23\/learning-walk-rigenerazione-urbana-a-base-culturale\/\"><img loading=\"lazy\" decoding=\"async\" width=\"1024\" height=\"1024\" data-id=\"143\" src=\"http:\/\/www.diarc.srt-urbs.unina.it\/wp-content\/uploads\/2023\/05\/porta-capuana-lw-1024x1024.jpeg\" alt=\"\" class=\"wp-image-143\" srcset=\"https:\/\/www.diarc.srt-urbs.unina.it\/wp-content\/uploads\/2023\/05\/porta-capuana-lw-1024x1024.jpeg 1024w, https:\/\/www.diarc.srt-urbs.unina.it\/wp-content\/uploads\/2023\/05\/porta-capuana-lw-300x300.jpeg 300w, https:\/\/www.diarc.srt-urbs.unina.it\/wp-content\/uploads\/2023\/05\/porta-capuana-lw-150x150.jpeg 150w, https:\/\/www.diarc.srt-urbs.unina.it\/wp-content\/uploads\/2023\/05\/porta-capuana-lw-768x768.jpeg 768w, https:\/\/www.diarc.srt-urbs.unina.it\/wp-content\/uploads\/2023\/05\/porta-capuana-lw-1536x1536.jpeg 1536w, https:\/\/www.diarc.srt-urbs.unina.it\/wp-content\/uploads\/2023\/05\/porta-capuana-lw.jpeg 1600w\" sizes=\"(max-width: 1024px) 100vw, 1024px\" \/><\/a><\/figure>\n\n\n\n<figure class=\"wp-block-image size-large\"><img loading=\"lazy\" decoding=\"async\" width=\"1024\" height=\"1024\" data-id=\"144\" src=\"http:\/\/www.diarc.srt-urbs.unina.it\/wp-content\/uploads\/2023\/05\/post-srt-casoria_DEF-1024x1024.jpeg\" alt=\"\" class=\"wp-image-144\" srcset=\"https:\/\/www.diarc.srt-urbs.unina.it\/wp-content\/uploads\/2023\/05\/post-srt-casoria_DEF-1024x1024.jpeg 1024w, https:\/\/www.diarc.srt-urbs.unina.it\/wp-content\/uploads\/2023\/05\/post-srt-casoria_DEF-300x300.jpeg 300w, https:\/\/www.diarc.srt-urbs.unina.it\/wp-content\/uploads\/2023\/05\/post-srt-casoria_DEF-150x150.jpeg 150w, https:\/\/www.diarc.srt-urbs.unina.it\/wp-content\/uploads\/2023\/05\/post-srt-casoria_DEF-768x768.jpeg 768w, https:\/\/www.diarc.srt-urbs.unina.it\/wp-content\/uploads\/2023\/05\/post-srt-casoria_DEF-1536x1536.jpeg 1536w, https:\/\/www.diarc.srt-urbs.unina.it\/wp-content\/uploads\/2023\/05\/post-srt-casoria_DEF-2048x2048.jpeg 2048w\" sizes=\"(max-width: 1024px) 100vw, 1024px\" \/><\/figure>\n<\/figure>\n","protected":false},"excerpt":{"rendered":"<p>La \u201clearning walk\u201d \u00e8 uno strumento di orientamento vocazionale agile che si rivolge principalmente a studenti dell\u2019ultimo anno o del penultimo della scuola secondaria di secondo grado. Lo scopo della passeggiata \u00e8 visitare specifici siti, localit\u00e0, progetti innovativi, incontrando attori del territorio ed esplorando questioni aperte su temi come la rigenerazione, il cambiamento climatico, la [&hellip;]<\/p>\n","protected":false},"author":1,"featured_media":0,"parent":135,"menu_order":0,"comment_status":"closed","ping_status":"closed","template":"","meta":{"footnotes":""},"class_list":["post-137","page","type-page","status-publish","hentry"],"yoast_head":"<!-- This site is optimized with the Yoast SEO plugin v26.2 - https:\/\/yoast.com\/wordpress\/plugins\/seo\/ -->\n<title>Learning Walk - UrbS - Urbanistica Sostenibile \/ SRT - Sviluppo sostenibile e Reti Territoriali<\/title>\n<meta name=\"robots\" content=\"index, follow, max-snippet:-1, max-image-preview:large, max-video-preview:-1\" \/>\n<link rel=\"canonical\" href=\"https:\/\/www.diarc.srt-urbs.unina.it\/index.php\/attivita-integrative\/learning-walk\/\" \/>\n<meta property=\"og:locale\" content=\"it_IT\" \/>\n<meta property=\"og:type\" content=\"article\" \/>\n<meta property=\"og:title\" content=\"Learning Walk - UrbS - Urbanistica Sostenibile \/ SRT - Sviluppo sostenibile e Reti Territoriali\" \/>\n<meta property=\"og:description\" content=\"La \u201clearning walk\u201d \u00e8 uno strumento di orientamento vocazionale agile che si rivolge principalmente a studenti dell\u2019ultimo anno o del penultimo della scuola secondaria di secondo grado. Lo scopo della passeggiata \u00e8 visitare specifici siti, localit\u00e0, progetti innovativi, incontrando attori del territorio ed esplorando questioni aperte su temi come la rigenerazione, il cambiamento climatico, la [&hellip;]\" \/>\n<meta property=\"og:url\" content=\"https:\/\/www.diarc.srt-urbs.unina.it\/index.php\/attivita-integrative\/learning-walk\/\" \/>\n<meta property=\"og:site_name\" content=\"UrbS - Urbanistica Sostenibile \/ SRT - Sviluppo sostenibile e Reti Territoriali\" \/>\n<meta property=\"article:modified_time\" content=\"2023-05-23T08:09:23+00:00\" \/>\n<meta property=\"og:image\" content=\"https:\/\/www.diarc.srt-urbs.unina.it\/wp-content\/uploads\/2023\/05\/learning-walk_Stella-scaled.jpg\" \/>\n\t<meta property=\"og:image:width\" content=\"1810\" \/>\n\t<meta property=\"og:image:height\" content=\"2560\" \/>\n\t<meta property=\"og:image:type\" content=\"image\/jpeg\" \/>\n<meta name=\"twitter:card\" content=\"summary_large_image\" \/>\n<meta name=\"twitter:label1\" content=\"Tempo di lettura stimato\" \/>\n\t<meta name=\"twitter:data1\" content=\"1 minuto\" \/>\n<script type=\"application\/ld+json\" class=\"yoast-schema-graph\">{\"@context\":\"https:\/\/schema.org\",\"@graph\":[{\"@type\":\"WebPage\",\"@id\":\"https:\/\/www.diarc.srt-urbs.unina.it\/index.php\/attivita-integrative\/learning-walk\/\",\"url\":\"https:\/\/www.diarc.srt-urbs.unina.it\/index.php\/attivita-integrative\/learning-walk\/\",\"name\":\"Learning Walk - UrbS - Urbanistica Sostenibile \/ SRT - Sviluppo sostenibile e Reti Territoriali\",\"isPartOf\":{\"@id\":\"https:\/\/www.diarc.srt-urbs.unina.it\/#website\"},\"primaryImageOfPage\":{\"@id\":\"https:\/\/www.diarc.srt-urbs.unina.it\/index.php\/attivita-integrative\/learning-walk\/#primaryimage\"},\"image\":{\"@id\":\"https:\/\/www.diarc.srt-urbs.unina.it\/index.php\/attivita-integrative\/learning-walk\/#primaryimage\"},\"thumbnailUrl\":\"http:\/\/www.diarc.srt-urbs.unina.it\/wp-content\/uploads\/2023\/05\/learning-walk_Stella-724x1024.jpg\",\"datePublished\":\"2023-05-11T07:33:04+00:00\",\"dateModified\":\"2023-05-23T08:09:23+00:00\",\"breadcrumb\":{\"@id\":\"https:\/\/www.diarc.srt-urbs.unina.it\/index.php\/attivita-integrative\/learning-walk\/#breadcrumb\"},\"inLanguage\":\"it-IT\",\"potentialAction\":[{\"@type\":\"ReadAction\",\"target\":[\"https:\/\/www.diarc.srt-urbs.unina.it\/index.php\/attivita-integrative\/learning-walk\/\"]}]},{\"@type\":\"ImageObject\",\"inLanguage\":\"it-IT\",\"@id\":\"https:\/\/www.diarc.srt-urbs.unina.it\/index.php\/attivita-integrative\/learning-walk\/#primaryimage\",\"url\":\"https:\/\/www.diarc.srt-urbs.unina.it\/wp-content\/uploads\/2023\/05\/learning-walk_Stella-scaled.jpg\",\"contentUrl\":\"https:\/\/www.diarc.srt-urbs.unina.it\/wp-content\/uploads\/2023\/05\/learning-walk_Stella-scaled.jpg\",\"width\":1810,\"height\":2560},{\"@type\":\"BreadcrumbList\",\"@id\":\"https:\/\/www.diarc.srt-urbs.unina.it\/index.php\/attivita-integrative\/learning-walk\/#breadcrumb\",\"itemListElement\":[{\"@type\":\"ListItem\",\"position\":1,\"name\":\"Home\",\"item\":\"https:\/\/www.diarc.srt-urbs.unina.it\/\"},{\"@type\":\"ListItem\",\"position\":2,\"name\":\"Attivit\u00e0 integrative\",\"item\":\"https:\/\/www.diarc.srt-urbs.unina.it\/index.php\/attivita-integrative\/\"},{\"@type\":\"ListItem\",\"position\":3,\"name\":\"Learning Walk\"}]},{\"@type\":\"WebSite\",\"@id\":\"https:\/\/www.diarc.srt-urbs.unina.it\/#website\",\"url\":\"https:\/\/www.diarc.srt-urbs.unina.it\/\",\"name\":\"UrbS - Urbanistica Sostenibile \/ SRT - Sviluppo sostenibile e Reti Territoriali\",\"description\":\"wanna be part of the solution?\",\"publisher\":{\"@id\":\"https:\/\/www.diarc.srt-urbs.unina.it\/#organization\"},\"potentialAction\":[{\"@type\":\"SearchAction\",\"target\":{\"@type\":\"EntryPoint\",\"urlTemplate\":\"https:\/\/www.diarc.srt-urbs.unina.it\/?s={search_term_string}\"},\"query-input\":{\"@type\":\"PropertyValueSpecification\",\"valueRequired\":true,\"valueName\":\"search_term_string\"}}],\"inLanguage\":\"it-IT\"},{\"@type\":\"Organization\",\"@id\":\"https:\/\/www.diarc.srt-urbs.unina.it\/#organization\",\"name\":\"UrbS - Urbanistica Sostenibile \/ SRT - Sviluppo sostenibile e Reti Territoriali\",\"url\":\"https:\/\/www.diarc.srt-urbs.unina.it\/\",\"logo\":{\"@type\":\"ImageObject\",\"inLanguage\":\"it-IT\",\"@id\":\"https:\/\/www.diarc.srt-urbs.unina.it\/#\/schema\/logo\/image\/\",\"url\":\"https:\/\/www.diarc.srt-urbs.unina.it\/wp-content\/uploads\/2023\/05\/2020_05_01_logo_srt.png\",\"contentUrl\":\"https:\/\/www.diarc.srt-urbs.unina.it\/wp-content\/uploads\/2023\/05\/2020_05_01_logo_srt.png\",\"width\":5216,\"height\":546,\"caption\":\"UrbS - Urbanistica Sostenibile \/ SRT - Sviluppo sostenibile e Reti Territoriali\"},\"image\":{\"@id\":\"https:\/\/www.diarc.srt-urbs.unina.it\/#\/schema\/logo\/image\/\"}}]}<\/script>\n<!-- \/ Yoast SEO plugin. -->","yoast_head_json":{"title":"Learning Walk - UrbS - Urbanistica Sostenibile \/ SRT - Sviluppo sostenibile e Reti Territoriali","robots":{"index":"index","follow":"follow","max-snippet":"max-snippet:-1","max-image-preview":"max-image-preview:large","max-video-preview":"max-video-preview:-1"},"canonical":"https:\/\/www.diarc.srt-urbs.unina.it\/index.php\/attivita-integrative\/learning-walk\/","og_locale":"it_IT","og_type":"article","og_title":"Learning Walk - UrbS - Urbanistica Sostenibile \/ SRT - Sviluppo sostenibile e Reti Territoriali","og_description":"La \u201clearning walk\u201d \u00e8 uno strumento di orientamento vocazionale agile che si rivolge principalmente a studenti dell\u2019ultimo anno o del penultimo della scuola secondaria di secondo grado. Lo scopo della passeggiata \u00e8 visitare specifici siti, localit\u00e0, progetti innovativi, incontrando attori del territorio ed esplorando questioni aperte su temi come la rigenerazione, il cambiamento climatico, la [&hellip;]","og_url":"https:\/\/www.diarc.srt-urbs.unina.it\/index.php\/attivita-integrative\/learning-walk\/","og_site_name":"UrbS - Urbanistica Sostenibile \/ SRT - Sviluppo sostenibile e Reti Territoriali","article_modified_time":"2023-05-23T08:09:23+00:00","og_image":[{"width":1810,"height":2560,"url":"https:\/\/www.diarc.srt-urbs.unina.it\/wp-content\/uploads\/2023\/05\/learning-walk_Stella-scaled.jpg","type":"image\/jpeg"}],"twitter_card":"summary_large_image","twitter_misc":{"Tempo di lettura stimato":"1 minuto"},"schema":{"@context":"https:\/\/schema.org","@graph":[{"@type":"WebPage","@id":"https:\/\/www.diarc.srt-urbs.unina.it\/index.php\/attivita-integrative\/learning-walk\/","url":"https:\/\/www.diarc.srt-urbs.unina.it\/index.php\/attivita-integrative\/learning-walk\/","name":"Learning Walk - UrbS - Urbanistica Sostenibile \/ SRT - Sviluppo sostenibile e Reti Territoriali","isPartOf":{"@id":"https:\/\/www.diarc.srt-urbs.unina.it\/#website"},"primaryImageOfPage":{"@id":"https:\/\/www.diarc.srt-urbs.unina.it\/index.php\/attivita-integrative\/learning-walk\/#primaryimage"},"image":{"@id":"https:\/\/www.diarc.srt-urbs.unina.it\/index.php\/attivita-integrative\/learning-walk\/#primaryimage"},"thumbnailUrl":"http:\/\/www.diarc.srt-urbs.unina.it\/wp-content\/uploads\/2023\/05\/learning-walk_Stella-724x1024.jpg","datePublished":"2023-05-11T07:33:04+00:00","dateModified":"2023-05-23T08:09:23+00:00","breadcrumb":{"@id":"https:\/\/www.diarc.srt-urbs.unina.it\/index.php\/attivita-integrative\/learning-walk\/#breadcrumb"},"inLanguage":"it-IT","potentialAction":[{"@type":"ReadAction","target":["https:\/\/www.diarc.srt-urbs.unina.it\/index.php\/attivita-integrative\/learning-walk\/"]}]},{"@type":"ImageObject","inLanguage":"it-IT","@id":"https:\/\/www.diarc.srt-urbs.unina.it\/index.php\/attivita-integrative\/learning-walk\/#primaryimage","url":"https:\/\/www.diarc.srt-urbs.unina.it\/wp-content\/uploads\/2023\/05\/learning-walk_Stella-scaled.jpg","contentUrl":"https:\/\/www.diarc.srt-urbs.unina.it\/wp-content\/uploads\/2023\/05\/learning-walk_Stella-scaled.jpg","width":1810,"height":2560},{"@type":"BreadcrumbList","@id":"https:\/\/www.diarc.srt-urbs.unina.it\/index.php\/attivita-integrative\/learning-walk\/#breadcrumb","itemListElement":[{"@type":"ListItem","position":1,"name":"Home","item":"https:\/\/www.diarc.srt-urbs.unina.it\/"},{"@type":"ListItem","position":2,"name":"Attivit\u00e0 integrative","item":"https:\/\/www.diarc.srt-urbs.unina.it\/index.php\/attivita-integrative\/"},{"@type":"ListItem","position":3,"name":"Learning Walk"}]},{"@type":"WebSite","@id":"https:\/\/www.diarc.srt-urbs.unina.it\/#website","url":"https:\/\/www.diarc.srt-urbs.unina.it\/","name":"UrbS - Urbanistica Sostenibile \/ SRT - Sviluppo sostenibile e Reti Territoriali","description":"wanna be part of the solution?","publisher":{"@id":"https:\/\/www.diarc.srt-urbs.unina.it\/#organization"},"potentialAction":[{"@type":"SearchAction","target":{"@type":"EntryPoint","urlTemplate":"https:\/\/www.diarc.srt-urbs.unina.it\/?s={search_term_string}"},"query-input":{"@type":"PropertyValueSpecification","valueRequired":true,"valueName":"search_term_string"}}],"inLanguage":"it-IT"},{"@type":"Organization","@id":"https:\/\/www.diarc.srt-urbs.unina.it\/#organization","name":"UrbS - Urbanistica Sostenibile \/ SRT - Sviluppo sostenibile e Reti Territoriali","url":"https:\/\/www.diarc.srt-urbs.unina.it\/","logo":{"@type":"ImageObject","inLanguage":"it-IT","@id":"https:\/\/www.diarc.srt-urbs.unina.it\/#\/schema\/logo\/image\/","url":"https:\/\/www.diarc.srt-urbs.unina.it\/wp-content\/uploads\/2023\/05\/2020_05_01_logo_srt.png","contentUrl":"https:\/\/www.diarc.srt-urbs.unina.it\/wp-content\/uploads\/2023\/05\/2020_05_01_logo_srt.png","width":5216,"height":546,"caption":"UrbS - Urbanistica Sostenibile \/ SRT - Sviluppo sostenibile e Reti Territoriali"},"image":{"@id":"https:\/\/www.diarc.srt-urbs.unina.it\/#\/schema\/logo\/image\/"}}]}},"_links":{"self":[{"href":"https:\/\/www.diarc.srt-urbs.unina.it\/index.php\/wp-json\/wp\/v2\/pages\/137","targetHints":{"allow":["GET"]}}],"collection":[{"href":"https:\/\/www.diarc.srt-urbs.unina.it\/index.php\/wp-json\/wp\/v2\/pages"}],"about":[{"href":"https:\/\/www.diarc.srt-urbs.unina.it\/index.php\/wp-json\/wp\/v2\/types\/page"}],"author":[{"embeddable":true,"href":"https:\/\/www.diarc.srt-urbs.unina.it\/index.php\/wp-json\/wp\/v2\/users\/1"}],"replies":[{"embeddable":true,"href":"https:\/\/www.diarc.srt-urbs.unina.it\/index.php\/wp-json\/wp\/v2\/comments?post=137"}],"version-history":[{"count":6,"href":"https:\/\/www.diarc.srt-urbs.unina.it\/index.php\/wp-json\/wp\/v2\/pages\/137\/revisions"}],"predecessor-version":[{"id":359,"href":"https:\/\/www.diarc.srt-urbs.unina.it\/index.php\/wp-json\/wp\/v2\/pages\/137\/revisions\/359"}],"up":[{"embeddable":true,"href":"https:\/\/www.diarc.srt-urbs.unina.it\/index.php\/wp-json\/wp\/v2\/pages\/135"}],"wp:attachment":[{"href":"https:\/\/www.diarc.srt-urbs.unina.it\/index.php\/wp-json\/wp\/v2\/media?parent=137"}],"curies":[{"name":"wp","href":"https:\/\/api.w.org\/{rel}","templated":true}]}}