{"id":1281,"date":"2025-06-24T14:29:47","date_gmt":"2025-06-24T12:29:47","guid":{"rendered":"https:\/\/www.diarc.srt-urbs.unina.it\/?page_id=1281"},"modified":"2025-09-05T13:44:08","modified_gmt":"2025-09-05T11:44:08","slug":"iscrizione-al-corso-urbs","status":"publish","type":"page","link":"https:\/\/www.diarc.srt-urbs.unina.it\/index.php\/iscrizione-al-corso-urbs\/","title":{"rendered":"ISCRIZIONE AL CORSO UrbS"},"content":{"rendered":"\n<p><\/p>\n\n\n\n<p>Per immatricolarsi al corso di studi triennale in Urbanistica Sostenibile (UrBS) \u00e8 obbligatorio sostenere una prova che consente di monitorare la preparazione di base degli studenti. <strong>Il test di ingresso va obbligatoriamente sostenuto da tutti coloro che intendono immatricolarsi o che si sono gi\u00e0 immatricolati per l\u2019a.a. 2025\/26.<\/strong><\/p>\n\n\n\n<p>Il test ha una funzione puramente di monitoraggio. Non c&#8217;\u00e8 alcuna soglia di sbarramento e, di conseguenza, qualsiasi punteggio ottenuto non precluder\u00e0 la possibilit\u00e0 di immatricolarsi. Il corso, infatti, \u00e8 ad accesso libero. <\/p>\n\n\n\n<p>Si comunica che l\u2019iscrizione al test di ingresso <strong><em>\u00e8 stata prorogata alle ore 14.00 del giorno 30 settembre 2025.<\/em><\/strong><\/p>\n\n\n\n<p><strong>I corsi avranno inizio il 22 settembre.<\/strong><\/p>\n\n\n\n<p>Pertanto, il test stesso non si terr\u00e0 il giorno 16 settembre 2025, come gi\u00e0 previsto, ma in altra data che sar\u00e0 resa nota con apposito Avviso pubblicato nel Portale di Ateneo <strong>entro il giorno 3 ottobre 2025 e su questo sito<\/strong><\/p>\n\n\n\n<p>Si ricorda che per partecipare al test \u00e8 necessario iscriversi attraverso la procedura telematica (www.segrepass.unina.it) per la presentazione delle domande seguendo le istruzioni indicate nel seguente documento:<\/p>\n\n\n\n<div class=\"wp-block-file\"><a id=\"wp-block-file--media-4d1e13fe-f46a-4e11-8a02-c3dff68c68c0\" href=\"https:\/\/www.diarc.srt-urbs.unina.it\/wp-content\/uploads\/2025\/09\/Avviso-Test-L-Urbanistica-2025-proroga_signed.pdf\">Avviso Test L Urbanistica 2025 proroga_signed<\/a><a href=\"https:\/\/www.diarc.srt-urbs.unina.it\/wp-content\/uploads\/2025\/09\/Avviso-Test-L-Urbanistica-2025-proroga_signed.pdf\" class=\"wp-block-file__button wp-element-button\" download aria-describedby=\"wp-block-file--media-4d1e13fe-f46a-4e11-8a02-c3dff68c68c0\">Download<\/a><\/div>\n","protected":false},"excerpt":{"rendered":"<p>Per immatricolarsi al corso di studi triennale in Urbanistica Sostenibile (UrBS) \u00e8 obbligatorio sostenere una prova che consente di monitorare la preparazione di base degli studenti. Il test di ingresso va obbligatoriamente sostenuto da tutti coloro che intendono immatricolarsi o che si sono gi\u00e0 immatricolati per l\u2019a.a. 2025\/26. Il test ha una funzione puramente di [&hellip;]<\/p>\n","protected":false},"author":1,"featured_media":0,"parent":0,"menu_order":0,"comment_status":"closed","ping_status":"closed","template":"","meta":{"footnotes":""},"class_list":["post-1281","page","type-page","status-publish","hentry"],"yoast_head":"<!-- This site is optimized with the Yoast SEO plugin v26.2 - https:\/\/yoast.com\/wordpress\/plugins\/seo\/ -->\n<title>ISCRIZIONE AL CORSO UrbS - UrbS - Urbanistica Sostenibile \/ SRT - Sviluppo sostenibile e Reti Territoriali<\/title>\n<meta name=\"robots\" content=\"index, follow, max-snippet:-1, max-image-preview:large, max-video-preview:-1\" \/>\n<link rel=\"canonical\" href=\"https:\/\/www.diarc.srt-urbs.unina.it\/index.php\/iscrizione-al-corso-urbs\/\" \/>\n<meta property=\"og:locale\" content=\"it_IT\" \/>\n<meta property=\"og:type\" content=\"article\" \/>\n<meta property=\"og:title\" content=\"ISCRIZIONE AL CORSO UrbS - UrbS - Urbanistica Sostenibile \/ SRT - Sviluppo sostenibile e Reti Territoriali\" \/>\n<meta property=\"og:description\" content=\"Per immatricolarsi al corso di studi triennale in Urbanistica Sostenibile (UrBS) \u00e8 obbligatorio sostenere una prova che consente di monitorare la preparazione di base degli studenti. Il test di ingresso va obbligatoriamente sostenuto da tutti coloro che intendono immatricolarsi o che si sono gi\u00e0 immatricolati per l\u2019a.a. 2025\/26. Il test ha una funzione puramente di [&hellip;]\" \/>\n<meta property=\"og:url\" content=\"https:\/\/www.diarc.srt-urbs.unina.it\/index.php\/iscrizione-al-corso-urbs\/\" \/>\n<meta property=\"og:site_name\" content=\"UrbS - Urbanistica Sostenibile \/ SRT - Sviluppo sostenibile e Reti Territoriali\" \/>\n<meta property=\"article:modified_time\" content=\"2025-09-05T11:44:08+00:00\" \/>\n<meta name=\"twitter:card\" content=\"summary_large_image\" \/>\n<meta name=\"twitter:label1\" content=\"Tempo di lettura stimato\" \/>\n\t<meta name=\"twitter:data1\" content=\"1 minuto\" \/>\n<script type=\"application\/ld+json\" class=\"yoast-schema-graph\">{\"@context\":\"https:\/\/schema.org\",\"@graph\":[{\"@type\":\"WebPage\",\"@id\":\"https:\/\/www.diarc.srt-urbs.unina.it\/index.php\/iscrizione-al-corso-urbs\/\",\"url\":\"https:\/\/www.diarc.srt-urbs.unina.it\/index.php\/iscrizione-al-corso-urbs\/\",\"name\":\"ISCRIZIONE AL CORSO UrbS - UrbS - Urbanistica Sostenibile \/ SRT - Sviluppo sostenibile e Reti Territoriali\",\"isPartOf\":{\"@id\":\"https:\/\/www.diarc.srt-urbs.unina.it\/#website\"},\"datePublished\":\"2025-06-24T12:29:47+00:00\",\"dateModified\":\"2025-09-05T11:44:08+00:00\",\"breadcrumb\":{\"@id\":\"https:\/\/www.diarc.srt-urbs.unina.it\/index.php\/iscrizione-al-corso-urbs\/#breadcrumb\"},\"inLanguage\":\"it-IT\",\"potentialAction\":[{\"@type\":\"ReadAction\",\"target\":[\"https:\/\/www.diarc.srt-urbs.unina.it\/index.php\/iscrizione-al-corso-urbs\/\"]}]},{\"@type\":\"BreadcrumbList\",\"@id\":\"https:\/\/www.diarc.srt-urbs.unina.it\/index.php\/iscrizione-al-corso-urbs\/#breadcrumb\",\"itemListElement\":[{\"@type\":\"ListItem\",\"position\":1,\"name\":\"Home\",\"item\":\"https:\/\/www.diarc.srt-urbs.unina.it\/\"},{\"@type\":\"ListItem\",\"position\":2,\"name\":\"ISCRIZIONE AL CORSO UrbS\"}]},{\"@type\":\"WebSite\",\"@id\":\"https:\/\/www.diarc.srt-urbs.unina.it\/#website\",\"url\":\"https:\/\/www.diarc.srt-urbs.unina.it\/\",\"name\":\"UrbS - Urbanistica Sostenibile \/ SRT - Sviluppo sostenibile e Reti Territoriali\",\"description\":\"wanna be part of the solution?\",\"publisher\":{\"@id\":\"https:\/\/www.diarc.srt-urbs.unina.it\/#organization\"},\"potentialAction\":[{\"@type\":\"SearchAction\",\"target\":{\"@type\":\"EntryPoint\",\"urlTemplate\":\"https:\/\/www.diarc.srt-urbs.unina.it\/?s={search_term_string}\"},\"query-input\":{\"@type\":\"PropertyValueSpecification\",\"valueRequired\":true,\"valueName\":\"search_term_string\"}}],\"inLanguage\":\"it-IT\"},{\"@type\":\"Organization\",\"@id\":\"https:\/\/www.diarc.srt-urbs.unina.it\/#organization\",\"name\":\"UrbS - Urbanistica Sostenibile \/ SRT - Sviluppo sostenibile e Reti Territoriali\",\"url\":\"https:\/\/www.diarc.srt-urbs.unina.it\/\",\"logo\":{\"@type\":\"ImageObject\",\"inLanguage\":\"it-IT\",\"@id\":\"https:\/\/www.diarc.srt-urbs.unina.it\/#\/schema\/logo\/image\/\",\"url\":\"https:\/\/www.diarc.srt-urbs.unina.it\/wp-content\/uploads\/2023\/05\/2020_05_01_logo_srt.png\",\"contentUrl\":\"https:\/\/www.diarc.srt-urbs.unina.it\/wp-content\/uploads\/2023\/05\/2020_05_01_logo_srt.png\",\"width\":5216,\"height\":546,\"caption\":\"UrbS - Urbanistica Sostenibile \/ SRT - Sviluppo sostenibile e Reti Territoriali\"},\"image\":{\"@id\":\"https:\/\/www.diarc.srt-urbs.unina.it\/#\/schema\/logo\/image\/\"}}]}<\/script>\n<!-- \/ Yoast SEO plugin. -->","yoast_head_json":{"title":"ISCRIZIONE AL CORSO UrbS - UrbS - Urbanistica Sostenibile \/ SRT - Sviluppo sostenibile e Reti Territoriali","robots":{"index":"index","follow":"follow","max-snippet":"max-snippet:-1","max-image-preview":"max-image-preview:large","max-video-preview":"max-video-preview:-1"},"canonical":"https:\/\/www.diarc.srt-urbs.unina.it\/index.php\/iscrizione-al-corso-urbs\/","og_locale":"it_IT","og_type":"article","og_title":"ISCRIZIONE AL CORSO UrbS - UrbS - Urbanistica Sostenibile \/ SRT - Sviluppo sostenibile e Reti Territoriali","og_description":"Per immatricolarsi al corso di studi triennale in Urbanistica Sostenibile (UrBS) \u00e8 obbligatorio sostenere una prova che consente di monitorare la preparazione di base degli studenti. Il test di ingresso va obbligatoriamente sostenuto da tutti coloro che intendono immatricolarsi o che si sono gi\u00e0 immatricolati per l\u2019a.a. 2025\/26. Il test ha una funzione puramente di [&hellip;]","og_url":"https:\/\/www.diarc.srt-urbs.unina.it\/index.php\/iscrizione-al-corso-urbs\/","og_site_name":"UrbS - Urbanistica Sostenibile \/ SRT - Sviluppo sostenibile e Reti Territoriali","article_modified_time":"2025-09-05T11:44:08+00:00","twitter_card":"summary_large_image","twitter_misc":{"Tempo di lettura stimato":"1 minuto"},"schema":{"@context":"https:\/\/schema.org","@graph":[{"@type":"WebPage","@id":"https:\/\/www.diarc.srt-urbs.unina.it\/index.php\/iscrizione-al-corso-urbs\/","url":"https:\/\/www.diarc.srt-urbs.unina.it\/index.php\/iscrizione-al-corso-urbs\/","name":"ISCRIZIONE AL CORSO UrbS - UrbS - Urbanistica Sostenibile \/ SRT - Sviluppo sostenibile e Reti Territoriali","isPartOf":{"@id":"https:\/\/www.diarc.srt-urbs.unina.it\/#website"},"datePublished":"2025-06-24T12:29:47+00:00","dateModified":"2025-09-05T11:44:08+00:00","breadcrumb":{"@id":"https:\/\/www.diarc.srt-urbs.unina.it\/index.php\/iscrizione-al-corso-urbs\/#breadcrumb"},"inLanguage":"it-IT","potentialAction":[{"@type":"ReadAction","target":["https:\/\/www.diarc.srt-urbs.unina.it\/index.php\/iscrizione-al-corso-urbs\/"]}]},{"@type":"BreadcrumbList","@id":"https:\/\/www.diarc.srt-urbs.unina.it\/index.php\/iscrizione-al-corso-urbs\/#breadcrumb","itemListElement":[{"@type":"ListItem","position":1,"name":"Home","item":"https:\/\/www.diarc.srt-urbs.unina.it\/"},{"@type":"ListItem","position":2,"name":"ISCRIZIONE AL CORSO UrbS"}]},{"@type":"WebSite","@id":"https:\/\/www.diarc.srt-urbs.unina.it\/#website","url":"https:\/\/www.diarc.srt-urbs.unina.it\/","name":"UrbS - Urbanistica Sostenibile \/ SRT - Sviluppo sostenibile e Reti Territoriali","description":"wanna be part of the solution?","publisher":{"@id":"https:\/\/www.diarc.srt-urbs.unina.it\/#organization"},"potentialAction":[{"@type":"SearchAction","target":{"@type":"EntryPoint","urlTemplate":"https:\/\/www.diarc.srt-urbs.unina.it\/?s={search_term_string}"},"query-input":{"@type":"PropertyValueSpecification","valueRequired":true,"valueName":"search_term_string"}}],"inLanguage":"it-IT"},{"@type":"Organization","@id":"https:\/\/www.diarc.srt-urbs.unina.it\/#organization","name":"UrbS - Urbanistica Sostenibile \/ SRT - Sviluppo sostenibile e Reti Territoriali","url":"https:\/\/www.diarc.srt-urbs.unina.it\/","logo":{"@type":"ImageObject","inLanguage":"it-IT","@id":"https:\/\/www.diarc.srt-urbs.unina.it\/#\/schema\/logo\/image\/","url":"https:\/\/www.diarc.srt-urbs.unina.it\/wp-content\/uploads\/2023\/05\/2020_05_01_logo_srt.png","contentUrl":"https:\/\/www.diarc.srt-urbs.unina.it\/wp-content\/uploads\/2023\/05\/2020_05_01_logo_srt.png","width":5216,"height":546,"caption":"UrbS - Urbanistica Sostenibile \/ SRT - Sviluppo sostenibile e Reti Territoriali"},"image":{"@id":"https:\/\/www.diarc.srt-urbs.unina.it\/#\/schema\/logo\/image\/"}}]}},"_links":{"self":[{"href":"https:\/\/www.diarc.srt-urbs.unina.it\/index.php\/wp-json\/wp\/v2\/pages\/1281","targetHints":{"allow":["GET"]}}],"collection":[{"href":"https:\/\/www.diarc.srt-urbs.unina.it\/index.php\/wp-json\/wp\/v2\/pages"}],"about":[{"href":"https:\/\/www.diarc.srt-urbs.unina.it\/index.php\/wp-json\/wp\/v2\/types\/page"}],"author":[{"embeddable":true,"href":"https:\/\/www.diarc.srt-urbs.unina.it\/index.php\/wp-json\/wp\/v2\/users\/1"}],"replies":[{"embeddable":true,"href":"https:\/\/www.diarc.srt-urbs.unina.it\/index.php\/wp-json\/wp\/v2\/comments?post=1281"}],"version-history":[{"count":10,"href":"https:\/\/www.diarc.srt-urbs.unina.it\/index.php\/wp-json\/wp\/v2\/pages\/1281\/revisions"}],"predecessor-version":[{"id":1435,"href":"https:\/\/www.diarc.srt-urbs.unina.it\/index.php\/wp-json\/wp\/v2\/pages\/1281\/revisions\/1435"}],"wp:attachment":[{"href":"https:\/\/www.diarc.srt-urbs.unina.it\/index.php\/wp-json\/wp\/v2\/media?parent=1281"}],"curies":[{"name":"wp","href":"https:\/\/api.w.org\/{rel}","templated":true}]}}